{"id":139,"date":"2023-01-18T13:16:16","date_gmt":"2023-01-18T13:16:16","guid":{"rendered":"https:\/\/www.crtorresdesegre.cat\/torresdesegre\/?page_id=139"},"modified":"2024-11-21T12:05:37","modified_gmt":"2024-11-21T12:05:37","slug":"ajuts","status":"publish","type":"page","link":"https:\/\/www.crtorresdesegre.cat\/torresdesegre\/ajuts\/","title":{"rendered":"Ajuts"},"content":{"rendered":"<p>[et_pb_section fb_built=\u00bb1&#8243; custom_padding_last_edited=\u00bbon|phone\u00bb admin_label=\u00bbHeader\u00bb _builder_version=\u00bb4.16&#8243; use_background_color_gradient=\u00bbon\u00bb background_color_gradient_stops=\u00bb#f6f7fa 0%|#ffffff 100%\u00bb background_color_gradient_overlays_image=\u00bbon\u00bb background_color_gradient_start=\u00bb#f6f7fa\u00bb background_color_gradient_end=\u00bb#ffffff\u00bb background_position=\u00bbcenter_right\u00bb custom_margin=\u00bb|||\u00bb custom_padding=\u00bb6vw||4vw||false|false\u00bb custom_padding_tablet=\u00bb||||false|false\u00bb custom_padding_phone=\u00bb||||false|false\u00bb global_colors_info=\u00bb{}\u00bb][et_pb_row _builder_version=\u00bb4.16&#8243; global_colors_info=\u00bb{}\u00bb][et_pb_column type=\u00bb4_4&#8243; _builder_version=\u00bb4.16&#8243; custom_padding=\u00bb|||\u00bb global_colors_info=\u00bb{}\u00bb custom_padding__hover=\u00bb|||\u00bb][et_pb_text _builder_version=\u00bb4.16&#8243; text_font=\u00bb||||||||\u00bb header_font=\u00bbCantata One||||||||\u00bb header_font_size=\u00bb50px\u00bb header_line_height=\u00bb1.4em\u00bb header_2_font=\u00bb||||||||\u00bb header_2_text_color=\u00bbrgba(0,0,0,0.35)\u00bb header_2_font_size=\u00bb20px\u00bb header_2_line_height=\u00bb1.6em\u00bb text_orientation=\u00bbcenter\u00bb animation_style=\u00bbslide\u00bb animation_direction=\u00bbbottom\u00bb header_font_size_tablet=\u00bb35px\u00bb header_font_size_phone=\u00bb25px\u00bb header_font_size_last_edited=\u00bbon|desktop\u00bb global_colors_info=\u00bb{}\u00bb]<\/p>\n<h1>Ajuts<\/h1>\n<h2>Relaci\u00f3 d&#8217;ajudes p\u00fabliques rebudes<\/h2>\n<p>[\/et_pb_text][\/et_pb_column][\/et_pb_row][\/et_pb_section][et_pb_section fb_built=\u00bb1&#8243; admin_label=\u00bbContact Info\u00bb _builder_version=\u00bb4.19.4&#8243; background_image=\u00bbhttps:\/\/www.crtorresdesegre.cat\/torresdesegre\/wp-content\/uploads\/sites\/2\/2022\/12\/dentist-04.png\u00bb background_size=\u00bbinitial\u00bb background_position=\u00bbtop_center\u00bb custom_padding=\u00bb0|0|49px|0px|false|false\u00bb global_colors_info=\u00bb{}\u00bb][et_pb_row column_structure=\u00bb1_2,1_2&#8243; custom_padding_last_edited=\u00bbon|desktop\u00bb _builder_version=\u00bb4.19.4&#8243; use_background_color_gradient=\u00bbon\u00bb background_color_gradient_direction=\u00bb108deg\u00bb background_color_gradient_stops=\u00bb#8c0009 0%|rgba(175,0,14,0.7) 100%\u00bb background_color_gradient_start=\u00bb#0059c3&#8243; background_color_gradient_end=\u00bbrgba(0,129,255,0.7)\u00bb max_width=\u00bb1280px\u00bb module_alignment=\u00bbcenter\u00bb custom_margin=\u00bb|||\u00bb custom_padding=\u00bb70px|5vw|70px|5vw|true|true\u00bb custom_padding_tablet=\u00bb|5vw||5vw||true\u00bb custom_padding_phone=\u00bb|5vw||5vw||true\u00bb animation_style=\u00bbzoom\u00bb animation_direction=\u00bbtop\u00bb animation_intensity_zoom=\u00bb1%\u00bb border_radii=\u00bb|||14vw|14vw\u00bb box_shadow_style=\u00bbpreset1&#8243; box_shadow_vertical=\u00bb20px\u00bb box_shadow_blur=\u00bb50px\u00bb box_shadow_color=\u00bbrgba(0,121,255,0.2)\u00bb use_custom_width=\u00bbon\u00bb custom_width_px=\u00bb1280px\u00bb global_colors_info=\u00bb{}\u00bb][et_pb_column type=\u00bb1_2&#8243; _builder_version=\u00bb4.16&#8243; custom_padding=\u00bb|||\u00bb custom_padding_tablet=\u00bb40px|||\u00bb custom_padding_phone=\u00bb20px|||\u00bb custom_padding_last_edited=\u00bboff|desktop\u00bb global_colors_info=\u00bb{}\u00bb padding_phone=\u00bb20px|||\u00bb padding_tablet=\u00bb40px|||\u00bb padding_last_edited=\u00bboff|desktop\u00bb custom_padding__hover=\u00bb|||\u00bb][et_pb_text _builder_version=\u00bb4.19.4&#8243; text_font=\u00bbOpen Sans||||||||\u00bb text_line_height=\u00bb2em\u00bb header_font=\u00bb||||||||\u00bb header_2_font=\u00bbCantata One||||||||\u00bb header_2_text_align=\u00bbleft\u00bb header_2_font_size=\u00bb40px\u00bb header_2_line_height=\u00bb1.4em\u00bb header_3_font=\u00bbCantata One||||||||\u00bb header_3_text_color=\u00bb#0081ff\u00bb header_3_font_size=\u00bb20px\u00bb header_3_line_height=\u00bb1.6em\u00bb text_orientation=\u00bbcenter\u00bb background_layout=\u00bbdark\u00bb max_width=\u00bb500px\u00bb header_2_font_size_tablet=\u00bb35px\u00bb header_2_font_size_phone=\u00bb25px\u00bb header_2_font_size_last_edited=\u00bbon|phone\u00bb locked=\u00bboff\u00bb global_colors_info=\u00bb{}\u00bb]<\/p>\n<h2>Any 2024<\/h2>\n<p>[\/et_pb_text][\/et_pb_column][et_pb_column type=\u00bb1_2&#8243; _builder_version=\u00bb4.16&#8243; custom_padding=\u00bb|||\u00bb custom_padding_tablet=\u00bb40px|||\u00bb custom_padding_phone=\u00bb20px|||\u00bb custom_padding_last_edited=\u00bboff|desktop\u00bb global_colors_info=\u00bb{}\u00bb padding_phone=\u00bb20px|||\u00bb padding_tablet=\u00bb40px|||\u00bb padding_last_edited=\u00bboff|desktop\u00bb custom_padding__hover=\u00bb|||\u00bb][\/et_pb_column][\/et_pb_row][\/et_pb_section][et_pb_section fb_built=\u00bb1&#8243; admin_label=\u00bbOur Mission\u00bb _builder_version=\u00bb4.16&#8243; background_color=\u00bb#dce1ea\u00bb use_background_color_gradient=\u00bbon\u00bb background_color_gradient_stops=\u00bb#ffffff 0%|rgba(255,255,255,0.29) 100%\u00bb background_color_gradient_overlays_image=\u00bbon\u00bb background_color_gradient_start=\u00bb#ffffff\u00bb background_color_gradient_end=\u00bbrgba(255,255,255,0.29)\u00bb background_image=\u00bbhttps:\/\/www.crtorresdesegre.cat\/torresdesegre\/wp-content\/uploads\/sites\/2\/2022\/12\/dentist-19.png\u00bb custom_padding=\u00bb0||8vw||false|false\u00bb global_colors_info=\u00bb{}\u00bb][et_pb_row _builder_version=\u00bb4.19.4&#8243; _module_preset=\u00bbdefault\u00bb global_colors_info=\u00bb{}\u00bb][et_pb_column type=\u00bb4_4&#8243; _builder_version=\u00bb4.19.4&#8243; _module_preset=\u00bbdefault\u00bb global_colors_info=\u00bb{}\u00bb][et_pb_text _builder_version=\u00bb4.27.3&#8243; _module_preset=\u00bbdefault\u00bb text_font_size=\u00bb17px\u00bb text_orientation=\u00bbjustified\u00bb hover_enabled=\u00bb0&#8243; global_colors_info=\u00bb{}\u00bb custom_padding=\u00bb||0px|||\u00bb sticky_enabled=\u00bb0&#8243;]<\/p>\n<p style=\"font-weight: 400;\"><strong><b>Ajut per \u201cPROJECTE DE MODERNITZACI\u00d3 DE LA XARXA DE REGADIU DE LA COMUNITAT <span>\u00a0<\/span>DE REGANTS DE LA S\u00c8QUIA DE TORRES DE SEGRE \u2013 FASE 2.1\u201d.<\/b><\/strong><\/p>\n<p style=\"font-weight: 400;\">L\u2019objectiu d\u2019aquesta segona fase es la modernitzaci\u00f3 integral del reg al sector de Les Sinogues, amb una superf\u00edcie de 423 ha.<\/p>\n<p style=\"font-weight: 400;\">Els resultats de les inversions realitzades han estat els seg\u00fcents:<\/p>\n<ul>\n<li style=\"font-weight: 400;\">Construcci\u00f3 d\u2019una nova toma al Canal de Ser\u00f2s.<\/li>\n<li style=\"font-weight: 400;\">Construcci\u00f3 d\u2019una estaci\u00f3 de bombament amb un sistema de filtratge col\u00b7lectiu.<\/li>\n<li style=\"font-weight: 400;\">Construcci\u00f3 de la xarxa de reg a pressi\u00f3 consistent amb una xarxa de distribuci\u00f3,hidrants col\u00b7lectius i les canonades terci\u00e0ries per portar l\u2019aigua a cada finca.<\/li>\n<\/ul>\n<p style=\"font-weight: 400;\"><strong><\/strong><\/p>\n<p style=\"font-weight: 400;\"><strong>Import total de l\u2019obra: 3.134.174,16.- \u20ac (I.V.A incl\u00f2s)<\/strong><\/p>\n<p style=\"font-weight: 400;\"><strong>Import Subvenci\u00f3: 1.500.000.- \u20ac<\/strong><\/p>\n<p style=\"font-weight: 400;\">Aquesta actuaci\u00f3 ha estat cofinan\u00e7ada amb el 43% del FEADER<\/p>\n<p style=\"font-weight: 400;\">Operaci\u00f3: Modernitzaci\u00f3 de Regadius<\/p>\n<p><b>Expedient ajuda n\u00fam.: 75.00834.2021<\/b><\/p>\n<p><em><\/em><\/p>\n<p>Espai web de la Comissi\u00f3 Europea dedicat al desenvolupament rural:\u00a0<a href=\"http:\/\/ec.europa.eu\/agriculture\/index_es\"><span><b>http:\/\/ec.europa.eu\/agriculture\/index_es<\/b><\/span><\/a><\/p>\n<p><b>Actuaci\u00f3 del Programa de desenvolupament Rural de Catalunya 2014-2020, cofinan\u00e7ada per:<\/b><\/p>\n<p>[\/et_pb_text][\/et_pb_column][\/et_pb_row][et_pb_row column_structure=\u00bb1_2,1_2&#8243; _builder_version=\u00bb4.19.4&#8243; _module_preset=\u00bbdefault\u00bb global_colors_info=\u00bb{}\u00bb][et_pb_column type=\u00bb1_2&#8243; _builder_version=\u00bb4.19.4&#8243; _module_preset=\u00bbdefault\u00bb global_colors_info=\u00bb{}\u00bb][et_pb_image src=\u00bbhttps:\/\/www.crtorresdesegre.cat\/torresdesegre\/wp-content\/uploads\/sites\/2\/2023\/01\/logo_UnioEuropea.png\u00bb alt=\u00bbLogotip Uni\u00f3 Europea\u00bb title_text=\u00bbLogo Uni\u00f3 Europea\u00bb align=\u00bbcenter\u00bb _builder_version=\u00bb4.19.4&#8243; _module_preset=\u00bbdefault\u00bb global_colors_info=\u00bb{}\u00bb][\/et_pb_image][\/et_pb_column][et_pb_column type=\u00bb1_2&#8243; _builder_version=\u00bb4.19.4&#8243; _module_preset=\u00bbdefault\u00bb global_colors_info=\u00bb{}\u00bb][et_pb_image src=\u00bbhttps:\/\/www.crtorresdesegre.cat\/torresdesegre\/wp-content\/uploads\/sites\/2\/2023\/01\/logo_Generalitat.png\u00bb alt=\u00bbLogotip Generalitat de Catalunya\u00bb title_text=\u00bbLogotip Generalitat de Catalunya\u00bb align=\u00bbcenter\u00bb _builder_version=\u00bb4.19.4&#8243; _module_preset=\u00bbdefault\u00bb global_colors_info=\u00bb{}\u00bb][\/et_pb_image][\/et_pb_column][\/et_pb_row][\/et_pb_section][et_pb_section fb_built=\u00bb1&#8243; admin_label=\u00bbContact Info\u00bb _builder_version=\u00bb4.19.4&#8243; background_image=\u00bbhttps:\/\/www.crtorresdesegre.cat\/torresdesegre\/wp-content\/uploads\/sites\/2\/2022\/12\/dentist-04.png\u00bb background_size=\u00bbinitial\u00bb background_position=\u00bbtop_center\u00bb custom_padding=\u00bb0|0|49px|0px|false|false\u00bb global_colors_info=\u00bb{}\u00bb][et_pb_row column_structure=\u00bb1_2,1_2&#8243; custom_padding_last_edited=\u00bbon|desktop\u00bb _builder_version=\u00bb4.19.4&#8243; use_background_color_gradient=\u00bbon\u00bb background_color_gradient_direction=\u00bb108deg\u00bb background_color_gradient_stops=\u00bb#8c0009 0%|rgba(175,0,14,0.7) 100%\u00bb background_color_gradient_start=\u00bb#0059c3&#8243; background_color_gradient_end=\u00bbrgba(0,129,255,0.7)\u00bb max_width=\u00bb1280px\u00bb module_alignment=\u00bbcenter\u00bb custom_margin=\u00bb|||\u00bb custom_padding=\u00bb70px|5vw|70px|5vw|true|true\u00bb custom_padding_tablet=\u00bb|5vw||5vw||true\u00bb custom_padding_phone=\u00bb|5vw||5vw||true\u00bb animation_style=\u00bbzoom\u00bb animation_direction=\u00bbtop\u00bb animation_intensity_zoom=\u00bb1%\u00bb border_radii=\u00bb|||14vw|14vw\u00bb box_shadow_style=\u00bbpreset1&#8243; box_shadow_vertical=\u00bb20px\u00bb box_shadow_blur=\u00bb50px\u00bb box_shadow_color=\u00bbrgba(0,121,255,0.2)\u00bb use_custom_width=\u00bbon\u00bb custom_width_px=\u00bb1280px\u00bb global_colors_info=\u00bb{}\u00bb][et_pb_column type=\u00bb1_2&#8243; _builder_version=\u00bb4.16&#8243; custom_padding=\u00bb|||\u00bb custom_padding_tablet=\u00bb40px|||\u00bb custom_padding_phone=\u00bb20px|||\u00bb custom_padding_last_edited=\u00bboff|desktop\u00bb global_colors_info=\u00bb{}\u00bb padding_phone=\u00bb20px|||\u00bb padding_tablet=\u00bb40px|||\u00bb padding_last_edited=\u00bboff|desktop\u00bb custom_padding__hover=\u00bb|||\u00bb][et_pb_text _builder_version=\u00bb4.19.4&#8243; text_font=\u00bbOpen Sans||||||||\u00bb text_line_height=\u00bb2em\u00bb header_font=\u00bb||||||||\u00bb header_2_font=\u00bbCantata One||||||||\u00bb header_2_text_align=\u00bbleft\u00bb header_2_font_size=\u00bb40px\u00bb header_2_line_height=\u00bb1.4em\u00bb header_3_font=\u00bbCantata One||||||||\u00bb header_3_text_color=\u00bb#0081ff\u00bb header_3_font_size=\u00bb20px\u00bb header_3_line_height=\u00bb1.6em\u00bb text_orientation=\u00bbcenter\u00bb background_layout=\u00bbdark\u00bb max_width=\u00bb500px\u00bb header_2_font_size_tablet=\u00bb35px\u00bb header_2_font_size_phone=\u00bb25px\u00bb header_2_font_size_last_edited=\u00bbon|phone\u00bb locked=\u00bboff\u00bb global_colors_info=\u00bb{}\u00bb]<\/p>\n<h2>Any 2022<\/h2>\n<p>[\/et_pb_text][\/et_pb_column][et_pb_column type=\u00bb1_2&#8243; _builder_version=\u00bb4.16&#8243; custom_padding=\u00bb|||\u00bb custom_padding_tablet=\u00bb40px|||\u00bb custom_padding_phone=\u00bb20px|||\u00bb custom_padding_last_edited=\u00bboff|desktop\u00bb global_colors_info=\u00bb{}\u00bb padding_phone=\u00bb20px|||\u00bb padding_tablet=\u00bb40px|||\u00bb padding_last_edited=\u00bboff|desktop\u00bb custom_padding__hover=\u00bb|||\u00bb][\/et_pb_column][\/et_pb_row][\/et_pb_section][et_pb_section fb_built=\u00bb1&#8243; admin_label=\u00bbOur Mission\u00bb _builder_version=\u00bb4.16&#8243; background_color=\u00bb#dce1ea\u00bb use_background_color_gradient=\u00bbon\u00bb background_color_gradient_stops=\u00bb#ffffff 0%|rgba(255,255,255,0.29) 100%\u00bb background_color_gradient_overlays_image=\u00bbon\u00bb background_color_gradient_start=\u00bb#ffffff\u00bb background_color_gradient_end=\u00bbrgba(255,255,255,0.29)\u00bb background_image=\u00bbhttps:\/\/www.crtorresdesegre.cat\/torresdesegre\/wp-content\/uploads\/sites\/2\/2022\/12\/dentist-19.png\u00bb custom_padding=\u00bb0||8vw||false|false\u00bb global_colors_info=\u00bb{}\u00bb][et_pb_row _builder_version=\u00bb4.19.4&#8243; _module_preset=\u00bbdefault\u00bb global_colors_info=\u00bb{}\u00bb][et_pb_column type=\u00bb4_4&#8243; _builder_version=\u00bb4.19.4&#8243; _module_preset=\u00bbdefault\u00bb global_colors_info=\u00bb{}\u00bb][et_pb_text _builder_version=\u00bb4.19.5&#8243; _module_preset=\u00bbdefault\u00bb text_font_size=\u00bb17px\u00bb text_orientation=\u00bbjustified\u00bb global_colors_info=\u00bb{}\u00bb]<\/p>\n<p><b>Ajut per \u201cPROJECTE DE MODERNITZACI\u00d3 DE LA XARXA DE REGADIU DE LA COMUNITAT DE REGANTS DE LA S\u00c8QUIA DE TORRES DE SEGRE \u2013 FASE 1.1\u201d.<\/b><\/p>\n<p>L\u2019objectiu d\u2019aquesta primera fase es la modernitzaci\u00f3 integral del reg als sectors d\u2019Emprius Alts, Emprius Baixos i Els Plans, amb una superf\u00edcie de 408,08 ha.<\/p>\n<p>Els resultats de les inversions realitzades han estat els seg\u00fcents:<\/p>\n<ul>\n<li><span><\/span>Remodelaci\u00f3 total de la toma a l\u2019embassament d\u2019Utxesa.<\/li>\n<li><span><\/span>Construcci\u00f3 d\u2019una estaci\u00f3 de bombament amb un sistema de filtratge col\u00b7lectiu.<\/li>\n<li><span><\/span>Construcci\u00f3 de la xarxa de reg a pressi\u00f3 consistent amb una xarxa de distribuci\u00f3, hidrants col\u00b7lectius i les canonades terci\u00e0ries per portar l\u2019aigua a cada finca.<\/li>\n<\/ul>\n<p><b>Import total de l&#8217;obra: 2.305.659,63.- \u20ac (I.V.A. incl\u00f2s)<br \/>Import Subvenci\u00f3: 1.000.000.- \u20ac<\/b><\/p>\n<p>Aquesta actuaci\u00f3 ha estat cofinan\u00e7ada amb el 43% del FEADER<\/p>\n<p>Operaci\u00f3: Modernitzaci\u00f3 de Regadius<\/p>\n<p><em><\/em><\/p>\n<p>Espai web de la Comissi\u00f3 Europea dedicat al desenvolupament rural:\u00a0<a href=\"http:\/\/ec.europa.eu\/agriculture\/index_es\"><span><b>http:\/\/ec.europa.eu\/agriculture\/index_es<\/b><\/span><\/a><\/p>\n<p><b>Actuaci\u00f3 del Programa de desenvolupament Rural de Catalunya 2014-2020, cofinan\u00e7ada per:<\/b><\/p>\n<p>[\/et_pb_text][\/et_pb_column][\/et_pb_row][et_pb_row column_structure=\u00bb1_2,1_2&#8243; _builder_version=\u00bb4.19.4&#8243; _module_preset=\u00bbdefault\u00bb global_colors_info=\u00bb{}\u00bb][et_pb_column type=\u00bb1_2&#8243; _builder_version=\u00bb4.19.4&#8243; _module_preset=\u00bbdefault\u00bb global_colors_info=\u00bb{}\u00bb][et_pb_image src=\u00bbhttps:\/\/www.crtorresdesegre.cat\/torresdesegre\/wp-content\/uploads\/sites\/2\/2023\/01\/logo_UnioEuropea.png\u00bb alt=\u00bbLogotip Uni\u00f3 Europea\u00bb title_text=\u00bbLogo Uni\u00f3 Europea\u00bb align=\u00bbcenter\u00bb _builder_version=\u00bb4.19.4&#8243; _module_preset=\u00bbdefault\u00bb global_colors_info=\u00bb{}\u00bb][\/et_pb_image][\/et_pb_column][et_pb_column type=\u00bb1_2&#8243; _builder_version=\u00bb4.19.4&#8243; _module_preset=\u00bbdefault\u00bb global_colors_info=\u00bb{}\u00bb][et_pb_image src=\u00bbhttps:\/\/www.crtorresdesegre.cat\/torresdesegre\/wp-content\/uploads\/sites\/2\/2023\/01\/logo_Generalitat.png\u00bb alt=\u00bbLogotip Generalitat de Catalunya\u00bb title_text=\u00bbLogotip Generalitat de Catalunya\u00bb align=\u00bbcenter\u00bb _builder_version=\u00bb4.19.4&#8243; _module_preset=\u00bbdefault\u00bb global_colors_info=\u00bb{}\u00bb][\/et_pb_image][\/et_pb_column][\/et_pb_row][\/et_pb_section]<\/p>\n","protected":false},"excerpt":{"rendered":"<p>Ajuts Relaci\u00f3 d&#8217;ajudes p\u00fabliques rebudesAny 2024Ajut per \u201cPROJECTE DE MODERNITZACI\u00d3 DE LA XARXA DE REGADIU DE LA COMUNITAT \u00a0DE REGANTS DE LA S\u00c8QUIA DE TORRES DE SEGRE \u2013 FASE 2.1\u201d. L\u2019objectiu d\u2019aquesta segona fase es la modernitzaci\u00f3 integral del reg al sector de Les Sinogues, amb una superf\u00edcie de 423 ha. Els resultats de les [&hellip;]<\/p>\n","protected":false},"author":1,"featured_media":0,"parent":0,"menu_order":0,"comment_status":"closed","ping_status":"closed","template":"","meta":{"_et_pb_use_builder":"on","_et_pb_old_content":"","_et_gb_content_width":"","footnotes":""},"class_list":["post-139","page","type-page","status-publish","hentry"],"_links":{"self":[{"href":"https:\/\/www.crtorresdesegre.cat\/torresdesegre\/wp-json\/wp\/v2\/pages\/139","targetHints":{"allow":["GET"]}}],"collection":[{"href":"https:\/\/www.crtorresdesegre.cat\/torresdesegre\/wp-json\/wp\/v2\/pages"}],"about":[{"href":"https:\/\/www.crtorresdesegre.cat\/torresdesegre\/wp-json\/wp\/v2\/types\/page"}],"author":[{"embeddable":true,"href":"https:\/\/www.crtorresdesegre.cat\/torresdesegre\/wp-json\/wp\/v2\/users\/1"}],"replies":[{"embeddable":true,"href":"https:\/\/www.crtorresdesegre.cat\/torresdesegre\/wp-json\/wp\/v2\/comments?post=139"}],"version-history":[{"count":6,"href":"https:\/\/www.crtorresdesegre.cat\/torresdesegre\/wp-json\/wp\/v2\/pages\/139\/revisions"}],"predecessor-version":[{"id":372,"href":"https:\/\/www.crtorresdesegre.cat\/torresdesegre\/wp-json\/wp\/v2\/pages\/139\/revisions\/372"}],"wp:attachment":[{"href":"https:\/\/www.crtorresdesegre.cat\/torresdesegre\/wp-json\/wp\/v2\/media?parent=139"}],"curies":[{"name":"wp","href":"https:\/\/api.w.org\/{rel}","templated":true}]}}