{"id":192,"date":"2023-02-01T12:38:01","date_gmt":"2023-02-01T12:38:01","guid":{"rendered":"https:\/\/www.crtorresdesegre.cat\/carrassumada\/?page_id=192"},"modified":"2023-02-01T12:38:23","modified_gmt":"2023-02-01T12:38:23","slug":"avis-legal","status":"publish","type":"page","link":"https:\/\/www.crtorresdesegre.cat\/carrassumada\/avis-legal\/","title":{"rendered":"Av\u00eds legal i pol\u00edtica de privacitat"},"content":{"rendered":"\n[et_pb_section fb_built=\u00bb1&#8243; custom_padding_last_edited=\u00bbon|phone\u00bb admin_label=\u00bbHeader\u00bb _builder_version=\u00bb4.16&#8243; use_background_color_gradient=\u00bbon\u00bb background_color_gradient_stops=\u00bb#f6f7fa 0%|#ffffff 100%\u00bb background_color_gradient_overlays_image=\u00bbon\u00bb background_color_gradient_start=\u00bb#f6f7fa\u00bb background_color_gradient_end=\u00bb#ffffff\u00bb background_position=\u00bbcenter_right\u00bb custom_margin=\u00bb|||\u00bb custom_padding=\u00bb4vw||4vw||true|false\u00bb custom_padding_tablet=\u00bb||||false|false\u00bb custom_padding_phone=\u00bb||||false|false\u00bb global_colors_info=\u00bb{}\u00bb theme_builder_area=\u00bbpost_content\u00bb][et_pb_row _builder_version=\u00bb4.16&#8243; global_colors_info=\u00bb{}\u00bb theme_builder_area=\u00bbpost_content\u00bb][et_pb_column type=\u00bb4_4&#8243; _builder_version=\u00bb4.16&#8243; custom_padding=\u00bb|||\u00bb global_colors_info=\u00bb{}\u00bb custom_padding__hover=\u00bb|||\u00bb theme_builder_area=\u00bbpost_content\u00bb][et_pb_text _builder_version=\u00bb4.16&#8243; text_font=\u00bb||||||||\u00bb header_font=\u00bbCantata One||||||||\u00bb header_font_size=\u00bb50px\u00bb header_line_height=\u00bb1.4em\u00bb header_2_font=\u00bb||||||||\u00bb header_2_text_color=\u00bbrgba(0,0,0,0.35)\u00bb header_2_font_size=\u00bb20px\u00bb header_2_line_height=\u00bb1.6em\u00bb text_orientation=\u00bbcenter\u00bb animation_style=\u00bbslide\u00bb animation_direction=\u00bbbottom\u00bb header_font_size_tablet=\u00bb35px\u00bb header_font_size_phone=\u00bb25px\u00bb header_font_size_last_edited=\u00bbon|desktop\u00bb global_colors_info=\u00bb{}\u00bb theme_builder_area=\u00bbpost_content\u00bb]<h1>Av\u00eds legal i pol\u00edtica de privacitat<\/h1>[\/et_pb_text][\/et_pb_column][\/et_pb_row][\/et_pb_section][et_pb_section fb_built=\u00bb1&#8243; admin_label=\u00bbTeam\u00bb _builder_version=\u00bb4.16&#8243; global_colors_info=\u00bb{}\u00bb theme_builder_area=\u00bbpost_content\u00bb custom_padding=\u00bb0px|||||\u00bb][et_pb_row _builder_version=\u00bb4.19.5&#8243; _module_preset=\u00bbdefault\u00bb theme_builder_area=\u00bbpost_content\u00bb][et_pb_column _builder_version=\u00bb4.19.5&#8243; _module_preset=\u00bbdefault\u00bb type=\u00bb4_4&#8243; theme_builder_area=\u00bbpost_content\u00bb][et_pb_text _builder_version=\u00bb4.19.5&#8243; _module_preset=\u00bbdefault\u00bb theme_builder_area=\u00bbpost_content\u00bb hover_enabled=\u00bb0&#8243; sticky_enabled=\u00bb0&#8243;]<h2 style=\"text-align: justify;\"><span style=\"text-decoration: underline;\">AV\u00cdS LEGAL<\/span><\/h2>\n<p style=\"text-align: justify;\"><span style=\"text-decoration: underline;\"><\/span><\/p>\n<ol style=\"text-align: justify;\">\n<li><strong> <\/strong><strong><u>INFORMACI\u00d3 CORPORATIVA<\/u><\/strong><\/li>\n<\/ol>\n<p style=\"font-weight: 400; text-align: justify;\">\u00a0En compliment de la Llei 34\/2002, d\u201911 de juliol, de serveis de la societat de la informaci\u00f3 i de comer\u00e7 electr\u00f2nic, <strong>COMUNITAT DE REGANTS SEQUIA DE TORRES DE SEGRE I CR CARRASSUMADA CG,<\/strong> l\u2019informa que \u00e9s titular dels llocs web: <strong>http:\/\/www.crtorresdesegre.cat\/carrassumada\/. <\/strong>D\u2019acord amb l\u2019exig\u00e8ncia de l\u2019article 10 de l\u2019esmentada Llei, notifica les dades seg\u00fcents: CIF\/NIF: <strong>E25522939<\/strong> i Domicili Social: <strong>POMPEU FABRA, S\/N. 25170<\/strong> <strong>TORRES DE SEGRE<\/strong>, <strong>LLEIDA<\/strong>. L\u2019adre\u00e7a de correu electr\u00f2nic de contacte amb l\u2019empresa \u00e9s: <u>oficina@crtorresdesegre.cat<\/u>.<\/p>\n<ol start=\"2\" style=\"text-align: justify;\">\n<li><strong> <\/strong><strong><u>USUARI<span> <\/span>I R\u00c8GIM DE RESPONSABILITATS<\/u><\/strong><\/li>\n<\/ol>\n<p style=\"font-weight: 400; text-align: justify;\">\u00a0La navegaci\u00f3 per acc\u00e9s i \u00fas de la p\u00e0gina web i tots els subdominis i directoris inclosos sota la el mateix domini, aix\u00ed com els serveis o continguts que a trav\u00e9s d&#8217;ell es puguin obtenir i tots els portals de domini propi sota titularitat de <strong>COMUNITAT DE REGANTS SEQUIA DE TORRES DE SEGRE I CR CARRASSUMADA CG<\/strong>, atorga la condici\u00f3 d&#8217;<strong>Usuari<\/strong>, per la que s&#8217;accepten, en navegar pel web de <strong>COMUNITAT DE REGANTS SEQUIA DE TORRES DE SEGRE I CR CARRASSUMADA CG<\/strong>, totes les condicions d&#8217;\u00fas que s&#8217;estableixen aqu\u00ed sense perjudicar l&#8217;aplicaci\u00f3 de la corresponent normativa d&#8217;obligat compliment legal segons el cas.<\/p>\n<p style=\"font-weight: 400; text-align: justify;\">Per aix\u00f2, si les consideracions detallades en aquest Av\u00eds Legal no s\u00f3n de la seva conformitat, preguem no faci \u00fas del Portal, ja que qualsevol \u00fas que faci del mateix o dels serveis i continguts en ell inclosos implicar\u00e0 l&#8217;acceptaci\u00f3 dels termes legals recollits en aquest text.<\/p>\n<p style=\"font-weight: 400; text-align: justify;\">La p\u00e0gina web de <strong>COMUNITAT DE REGANTS SEQUIA DE TORRES DE SEGRE I CR CARRASSUMADA CG<\/strong> proporciona gran diversitat d\u2019informaci\u00f3, serveis i dades. L\u2019<strong>Usuari<\/strong> assumeix la seva responsabilitat en l\u2019\u00fas correcte dels llocs web. Aquesta responsabilitat s\u2019estendr\u00e0 a: La veracitat i licitud de les informacions aportades per l\u2019<strong>Usuari<\/strong> als formularis de registre i contacte de<strong>COMUNITAT DE REGANTS SEQUIA DE TORRES DE SEGRE I CR CARRASSUMADA CG<\/strong> per accedir a determinats continguts o serveis oferts per la web.<\/p>\n<p style=\"font-weight: 400; text-align: justify;\">L\u2019\u00fas de la informaci\u00f3, serveis i dades oferts per\u00a0<strong>COMUNITAT DE REGANTS SEQUIA DE TORRES DE SEGRE I CR CARRASSUMADA CG, <\/strong>no aniran contra les disposicions d\u2019aquestes cl\u00e0usules, la Llei, la moral, els bons costums o l\u2019ordre p\u00fablic que puguin suposar lesi\u00f3 dels drets de tercers o del funcionament dels llocs web.<\/p>\n<p style=\"font-weight: 400; text-align: justify;\">A aquest efecte, l&#8217;<strong>Usuari<\/strong> s&#8217;abstindr\u00e0 d&#8217;utilitzar qualsevol dels continguts amb finalitats il\u00b7l\u00edcites i prohibides en aquest text, lesives amb els drets i interessos de tercers, o que de qualsevol forma puguin malmetre, inutilitzar, sobrecarregar, deteriorar o impedir la normal utilitzaci\u00f3 dels continguts per part d\u2019altres <strong>Usuaris<\/strong> o de qualsevol <strong>Usuari<\/strong> d&#8217;Internet (hardware y software).<\/p>\n<p style=\"font-weight: 400; text-align: justify;\">Els <strong>Usuari<\/strong>s respondran dels danys i perjudicis de tota naturalesa que l&#8217;entitat propiet\u00e0ria de la web pugui patir, directament o indirectament, com a conseq\u00fc\u00e8ncia d&#8217;incompliment de qualsevol de les obligacions derivades de l&#8217;\u00fas de la Web i d&#8217;aquesta pol\u00edtica de privacitat.<\/p>\n<p style=\"font-weight: 400; text-align: justify;\">En particular, i a t\u00edtol merament indicatiu i no exhaustiu, l&#8217;<strong>Usuari<\/strong> es compromet a no transmetre, difondre o posar a disposici\u00f3 de tercers informacions, dades, continguts, missatges, gr\u00e0fics, dibuixos, arxius de so i \/ o imatge, fotografies d\u2019aquest web.<\/p>\n<p style=\"font-weight: 400; text-align: justify;\"><\/p>\n<p style=\"font-weight: 400; text-align: justify;\"><\/p>\n<h2 style=\"text-align: justify;\"><span style=\"text-decoration: underline;\">POL\u00cdTICA DE PRIVACITAT<\/span><\/h2>\n<p><span style=\"text-decoration: underline;\"><\/span><\/p>\n<ol style=\"text-align: justify;\">\n<li><strong> <\/strong><strong><u>POL\u00cdTICA D\u2019ENLLA\u00c7OS I EXEMPCIONS DE RESPONSABILITAT<\/u><\/strong><\/li>\n<\/ol>\n<p style=\"font-weight: 400; text-align: justify;\"><strong>COMUNITAT DE REGANTS SEQUIA DE TORRES DE SEGRE I CR CARRASSUMADA CG,<\/strong> no es fa responsable del contingut de les p\u00e0gines web a les quals pugui accedir l\u2019<strong>Usuari<\/strong> a trav\u00e9s dels enlla\u00e7os establerts als seus llocs web i declara que en cap cas examinar\u00e0 ni exercitar\u00e0 cap tipus de control sobre el contingut d\u2019altres p\u00e0gines de la xarxa.<\/p>\n<p style=\"font-weight: 400; text-align: justify;\">Aix\u00ed mateix, tampoc garanteix la disponibilitat t\u00e8cnica, exactitud, veracitat, validesa o legalitat de p\u00e0gines alienes a la seva propietat a les qual es pugui accedir a trav\u00e9s dels enlla\u00e7os d\u2019aquest web.<\/p>\n<p style=\"font-weight: 400; text-align: justify;\"><strong>COMUNITAT DE REGANTS SEQUIA DE TORRES DE SEGRE I CR CARRASSUMADA CG,<\/strong> declara que ha adoptat totes les mesures necess\u00e0ries per evitar qualsevol dany que pugui derivar-se de la navegaci\u00f3 per les seves p\u00e0gines web. En conseq\u00fc\u00e8ncia,<strong>COMUNITAT DE REGANTS SEQUIA DE TORRES DE SEGRE I CR CARRASSUMADA CG,<\/strong> no es fa responsable, en cap cas, dels eventuals danys que pugui patir l\u2019<strong>Usuari<\/strong> a causa de la navegaci\u00f3 per Internet.<\/p>\n<p style=\"font-weight: 400; text-align: justify;\"><strong>COMUNITAT DE REGANTS SEQUIA DE TORRES DE SEGRE I CR CARRASSUMADA CG,<\/strong> no es responsabilitza dels danys o perjudicis de qualsevol tipus produ\u00efts en l&#8217;<strong>Usuari<\/strong> que portin causa d&#8217;errors o desconnexions a les xarxes de telecomunicacions que produeixin la suspensi\u00f3, cancel\u00b7laci\u00f3 o interrupci\u00f3 del servei de la web durant la prestaci\u00f3 del mateix o amb car\u00e0cter previ.<\/p>\n<p style=\"font-weight: 400; text-align: justify;\">L&#8217;acc\u00e9s al web <strong>http:\/\/www.crtorresdesegre.cat\/carrassumada\/<\/strong> no implica l&#8217;obligaci\u00f3 per part de l&#8217;entitat de controlar l&#8217;abs\u00e8ncia de virus o qualsevol altre element inform\u00e0tic malici\u00f3s. Correspon a l&#8217;<strong>Usuari<\/strong>, en qualsevol cas, la disponibilitat d&#8217;eines adequades per a la detecci\u00f3, desinfecci\u00f3 i protecci\u00f3 contra programes inform\u00e0tics nocius.<\/p>\n<p style=\"font-weight: 400; text-align: justify;\"><strong>COMUNITAT DE REGANTS SEQUIA DE TORRES DE SEGRE I CR CARRASSUMADA CG<\/strong><strong>,<\/strong> no es responsabilitza dels danys produ\u00efts en els equips inform\u00e0tics, documents i\/o fitxers dels <strong>Usuaris<\/strong> o de tercers durant la prestaci\u00f3 del servei en aquest el portal web.<\/p>\n<ol start=\"2\" style=\"text-align: justify;\">\n<li><strong> <\/strong><strong><u>PUBLICITAT<\/u><\/strong><\/li>\n<\/ol>\n<p style=\"font-weight: 400; text-align: justify;\">El Web: <strong>http:\/\/www.crtorresdesegre.cat\/carrassumada\/<\/strong> podr\u00e0 allotjar continguts publicitaris o patrocinats. Els anunciants o patrocinadors s\u00f3n els \u00fanics responsables d&#8217;assegurar que el material rem\u00e8s per a la seva inclusi\u00f3 a la Web compleix amb les lleis que en cada cas puguin ser d&#8217;aplicaci\u00f3.<\/p>\n<p style=\"font-weight: 400; text-align: justify;\"><strong>COMUNITAT DE REGANTS SEQUIA DE TORRES DE SEGRE I CR CARRASSUMADA CG<\/strong><strong>,<\/strong> no ser\u00e0 responsable de qualsevol error, inexactitud o irregularitat que puguin contenir els continguts publicitaris o dels patrocinadors d\u2019aquesta p\u00e0gina web.<\/p>\n<ol start=\"3\" style=\"text-align: justify;\">\n<li><strong> <\/strong><strong><u>MODIFICACIONS<\/u><\/strong><\/li>\n<\/ol>\n<p style=\"font-weight: 400; text-align: justify;\"><strong>COMUNITAT DE REGANTS SEQUIA DE TORRES DE SEGRE I CR CARRASSUMADA CG,<\/strong> es reserva el dret a realitzar les modificacions que consideri oportunes, sense av\u00eds previ, en el contingut dels seus llocs web, tant pel que fa als continguts com per les seves condicions d\u2019\u00fas o per les condicions generals de contractaci\u00f3. Aquestes modificacions podran realitzar-se, a trav\u00e9s dels seus llocs web, de qualsevol forma admissible en dret i seran d\u2019obligat compliment durant el temps que estiguin publicades al web i fins que no siguin modificades per d\u2019altres de posteriors.<\/p>\n<ol start=\"4\" style=\"text-align: justify;\">\n<li><strong> <\/strong><strong><u>PROPIETAT INTEL\u00b7LECTUAL<\/u><\/strong><\/li>\n<\/ol>\n<p style=\"font-weight: 400; text-align: justify;\">Els drets de propietat intel\u00b7lectual i industrial derivats de tots els textos, imatges, com tamb\u00e9 dels mitjans i formes de presentaci\u00f3 i muntatge de les seves p\u00e0gines pertanyen, per si mateixos o com a cession\u00e0ria a <strong>COMUNITAT DE REGANTS SEQUIA DE TORRES DE SEGRE I CR CARRASSUMADA CG. <\/strong>Seran, per tant, obres protegides com a propietat intel\u00b7lectual per l\u2019ordenament jur\u00eddic espanyol i se\u2019ls hi podr\u00e0 aplicar tant la normativa espanyola i comunit\u00e0ria en aquest \u00e0mbit, com els tractats internacionals relatius a la mat\u00e8ria i subscrits per Espanya: Reial Decret Legislatiu 1\/1996 i posteriors modificacions; Directiva-UE-2019\/790 del Parlament Europeu i del Consell, de 17 d\u2019abril de 2019, sobre els drets d\u2019autor i drets afins en el mercat \u00fanic digital.<\/p>\n<p style=\"font-weight: 400; text-align: justify;\">Tots els drets reservats. En compliment de la Llei de la Propietat Intel\u00b7lectual es prohibeix expressament la reproducci\u00f3, distribuci\u00f3, comunicaci\u00f3 p\u00fablica i utilitzaci\u00f3 de la totalitat o part dels continguts de les seves p\u00e0gines web sense el consentiment expl\u00edcit de\u00a0<strong>COMUNITAT DE REGANTS SEQUIA DE TORRES DE SEGRE I CR CARRASSUMADA CG.<\/strong><\/p>\n<p style=\"font-weight: 400; text-align: justify;\">Aix\u00ed mateix, <strong>COMUNITAT DE REGANTS SEQUIA DE TORRES DE SEGRE I CR CARRASSUMADA CG<\/strong> es reserva la facultat de presentar les accions civils o penals que consideri oportunes per la utilitzaci\u00f3 indeguda de les seves p\u00e0gines web i continguts o per l\u2019incompliment d\u2019aquestes condicions.<\/p>\n<ol start=\"5\" style=\"text-align: justify;\">\n<li><strong> <\/strong><strong><u>CERTIFICAT LSSI-CE I PROTECCI\u00d3 DE DADES<\/u><\/strong><\/li>\n<\/ol>\n<p style=\"font-weight: 400; text-align: justify;\">Per a l\u2019adequaci\u00f3 del web <strong>http:\/\/www.crtorresdesegre.cat\/carrassumada\/<\/strong>, <strong>COMUNITAT DE REGANTS SEQUIA DE TORRES DE SEGRE I CR CARRASSUMADA CG<\/strong> ha estat assessorada en les normatives de protecci\u00f3 de dades i <strong>LSSI-CE<\/strong> per <span><a href=\"http:\/\/www.grupqualia.com\/\"><strong>GRUP QUALIA<\/strong><\/a><\/span>, fet pel qual se li atorga un certificat en format d\u2019imatge digital perqu\u00e8 el pugui exposar en aquest lloc web.<\/p>\n<ol start=\"6\" style=\"text-align: justify;\">\n<li><strong> <\/strong><strong><u>ACCIONS LEGAL, LEGISLACI\u00d3 APLICABLE I JURISDICCI\u00d3<\/u><\/strong><\/li>\n<\/ol>\n<p style=\"font-weight: 400; text-align: justify;\">La relaci\u00f3 entre l\u2019usuari i\u00a0<strong>COMUNITAT DE REGANTS SEQUIA DE TORRES DE SEGRE I CR CARRASSUMADA CG,<\/strong> es regir\u00e0 per la normativa espanyola vigent. Seran competents per decidir sobre qualsevol controv\u00e8rsia que pugui sorgir entre l\u2019usuari i <strong>COMUNITAT DE REGANTS SEQUIA DE TORRES DE SEGRE I CR CARRASSUMADA CG<\/strong>, els jutjats o tribunals del Partit Judicial de la localitat de <strong>LLEIDA.<\/strong><\/p>\n<ol start=\"7\" style=\"text-align: justify;\">\n<li><strong> <\/strong><strong><u>RESERVA DE COOKIES<\/u><\/strong><\/li>\n<\/ol>\n<p style=\"font-weight: 400; text-align: justify;\"><strong>COMUNITAT DE REGANTS SEQUIA DE TORRES DE SEGRE I CR CARRASSUMADA CG,<\/strong> es reserva el dret d\u2019utilitzar cookies en la navegaci\u00f3 de l\u2019<strong>Usuari<\/strong> pels seus llocs web per facilitar-ne la personalitzaci\u00f3 i comoditat de la navegaci\u00f3. Seguint la pol\u00edtica de protecci\u00f3 de dades de l\u2019entitat, <strong>COMUNITAT DE REGANTS SEQUIA DE TORRES DE SEGRE I CR CARRASSUMADA CG<\/strong> informa que les cookies s\u2019associen a l\u2019<strong>Usuari<\/strong> an\u00f2nim i al seu ordinador i no proporcionen per si mateixes les dades personals de l\u2019<strong>Usuari<\/strong>.<\/p>\n<p style=\"font-weight: 400; text-align: justify;\">En aquest sentit, d\u2019acord amb la sent\u00e8ncia de la Gran Sala de Just\u00edcia de la Uni\u00f3 Europea d\u20191 d\u2019octubre de 2019, i per la Guia de l\u2019AEPD, de juliol 2020, la nostra \u2018pol\u00edtica de cookies\u2019 informa l\u2019usuari del temps que aquestes cookies romandran actives al terminal de l\u2019usuari i de la possibilitat de qu\u00e8 tercers tinguin acc\u00e9s a la informaci\u00f3 que aquestes emmagatzemen. Aquesta sent\u00e8ncia modifica l\u2019article 5, apartat 3, de la Directiva 2002\/58 per la Directiva 2009\/136.<\/p>\n<p style=\"font-weight: 400; text-align: justify;\">Arrel d\u2019aquesta sent\u00e8ncia i de la Guia de l\u2019AEPD, de juliol 2020, l\u2019usuari t\u00e9 la possibilitat d\u2019acceptar o rebutjar expl\u00edcitament l\u2019\u00fas de les cookies i de rebre m\u00e9s informaci\u00f3 sobre les mateixes. Addicionalment, l\u2019<strong>Usuari<\/strong> t\u00e9 la possibilitat de configurar el seu navegador de manera que sigui informat de la recepci\u00f3 de cookies, amb la possibilitat, si aix\u00ed ho desitja, d\u2019impedir que s\u2019instal\u00b7lin al seu disc dur. En aquest sentit, per accedir als llocs web de <strong>COMUNITAT DE REGANTS SEQUIA DE TORRES DE SEGRE I CR CARRASSUMADA CG,<\/strong> no \u00e9s preceptiva la instal\u00b7laci\u00f3 de cookies.<\/p>\n<p style=\"font-weight: 400; text-align: justify;\">L&#8217;<strong>Usuari<\/strong> es compromet a abstenir-se de reproduir, copiar, distribuir, posar a disposici\u00f3 de tercers o de comunicar p\u00fablicament informaci\u00f3 o de transformar o modificar-ne els Continguts, llevat que es compti amb l&#8217;autoritzaci\u00f3 del titular dels corresponents drets.<\/p>\n<ol start=\"8\" style=\"text-align: justify;\">\n<li><strong> <\/strong><strong><u>PROTECCI\u00d3 DE DADES PERSONAL<\/u><\/strong><\/li>\n<\/ol>\n<p style=\"font-weight: 400; text-align: justify;\">De conformitat amb el que estableix el Reglament General -UE- 2016\/679 del Parlament i Consell d\u2019Europa de Protecci\u00f3 de Dades de Car\u00e0cter Personal,\u00a0aprovat el 27 d\u2019abril de 2016, i l\u2019LOPD 3\/2018, de garantia dels drets digitals, la Llei 34\/2002, de Serveis de la Societat de la Informaci\u00f3 i el Comer\u00e7 Electr\u00f2nic, i la Llei 9\/2014, General de Telecomunicacions, <span>\u00a0<\/span><strong>COMUNITAT DE REGANTS SEQUIA DE TORRES DE SEGRE I CR CARRASSUMADA CG,<\/strong> informa als <strong>Usuaris<\/strong> dels seus llocs web que estem obligats a guardar secret professional de les dades personals captades per l\u2019entitat mitjan\u00e7ant els formularis de registre o contacte situats a les seves p\u00e0gines. Aquesta obligaci\u00f3 es mantindr\u00e0 fins i tot despr\u00e9s d&#8217;haver finalitzat la nostra relaci\u00f3 comercial o contractual i en cap cas podrem fer p\u00fabliques les dades personals dels visitants i clients a la web sense el seu consentiment. Els menors de 16 anys no poden prestar el seu consentiment per a qu\u00e8 un comer\u00e7 reculli i tracti les seves dades personals. Nom\u00e9s els seus representants legals (pares o tutors) s\u00f3n els qui poden fer-ho en el seu nom. Aquells comer\u00e7os que necessitin tractar dades de menors de 16 anys, han de disposar dels mitjans per obtenir el consentiment dels seus pares o tutors, per exemple, mitjan\u00e7ant un missatge de correu electr\u00f2nic dirigit a algun d&#8217;ells que contingui un enlla\u00e7 a un formulari electr\u00f2nic. No es pot demanar als menors de 14 anys dades sobre l&#8217;\u00e0mbit familiar, sent l&#8217;\u00fanica excepci\u00f3 les dades d&#8217;identificaci\u00f3 i contacte dels pares o tutors.<\/p>\n<p style=\"font-weight: 400; text-align: justify;\">Aquestes dades seran introdu\u00efdes en un fitxer automatitzat sota la responsabilitat de l\u2019administrador de la web de\u00a0<strong>COMUNITAT DE REGANTS SEQUIA DE TORRES DE SEGRE I CR CARRASSUMADA CG<\/strong>, amb la finalitat de poder facilitar, agilitzar i complir els compromisos establerts entre ambdues parts. Aix\u00ed mateix,\u00a0<strong>COMUNITAT DE REGANTS SEQUIA DE TORRES DE SEGRE I CR CARRASSUMADA CG<\/strong>, informa de la possibilitat d\u2019exercir els drets <strong>d\u2019acc\u00e9s<\/strong>, que permet a l&#8217;usuari web con\u00e8ixer quines dades personals t\u00e9 l&#8217;administrador d&#8217;aquesta p\u00e0gina i obtenir una resposta en un termini de 30 dies, sempre que en conservi les dades personals; <strong>rectificaci\u00f3<\/strong>, que permet corregir errors en les dades personals, modificar-ne les dades que siguin inexactes o incompletes i garantir la certesa de la informaci\u00f3; <strong>oposici\u00f3,<\/strong> que podr\u00e0 sol\u00b7licitar i aconseguir que no es dugui a terme el tractament de dades; <strong>supressi\u00f3,<\/strong> que permet que se suprimeixin les dades inadequades o excessives; <strong>limitaci\u00f3<\/strong>, pel qual pot sol\u00b7licitar que es limiti el tractament de les seves dades quan hagi exercit el seu dret a la rectificaci\u00f3 de les seves dades personals; i <strong>portabilitat<\/strong>, perqu\u00e8 l&#8217;usuari pugui obtenir una c\u00f2pia de les dades personals que hagi facilitat a la web a fi de poder transmetre-les a altres serveis. Aquests drets es podran exercir per qualsevol mitj\u00e0 que deixi const\u00e0ncia del seu enviament i de la seva recepci\u00f3 a l\u2019adre\u00e7a de l\u2019administrador de la p\u00e0gina o al correu electr\u00f2nic <u>oficina@crtorresdesegre.cat<\/u>, aportant fotoc\u00f2pia del DNI o documentaci\u00f3 alternativa que n\u2019acrediti la identitat.<\/p>\n<p style=\"font-weight: 400; text-align: justify;\">Mentre no ens comuniqui el contrari, entendrem que les seves dades no han estat modificades, que vost\u00e8 es compromet a notificar-nos qualsevol canvi en les mateixes i que tenim el consentiment per utilitzar-les per la relaci\u00f3 entre les parts.<\/p>\n<p style=\"font-weight: 400; text-align: justify;\">L&#8217;enviament de les seves dades mitjan\u00e7ant el\/els formulari\/s de la nostra web, estar\u00e0 supeditat obligat\u00f2riament al fet que hagi llegit\/acceptat la Pol\u00edtica de Privacitat, mitjan\u00e7ant un check box obligatori a peu del formulari de registre o de contacte.<\/p>\n<p style=\"font-weight: 400; text-align: justify;\">D\u2019acord amb el que estableix la Llei 34\/2002, de Serveis de la Societat de la Informaci\u00f3 i el Comer\u00e7 Electr\u00f2nic en el seu article 21, demanem el seu consentiment per poder realitzar les comunicacions publicit\u00e0ries o informatives sobre la nostra entitat que considerem puguin ser del seu inter\u00e8s, per correu electr\u00f2nic o per qualsevol altre mitj\u00e0 de comunicaci\u00f3 electr\u00f2nica equivalent. Aquest consentiment l\u2019atorgar\u00e0 o no amb l\u2019acceptaci\u00f3 de la Pol\u00edtica de Privacitat en l\u2019esmentat check box al peu del formulari de registre i\/o de contacte.<\/p>[\/et_pb_text][\/et_pb_column][\/et_pb_row][\/et_pb_section]\n","protected":false},"excerpt":{"rendered":"<p>Av\u00eds legal i pol\u00edtica de privacitatAV\u00cdS LEGAL INFORMACI\u00d3 CORPORATIVA \u00a0En compliment de la Llei 34\/2002, d\u201911 de juliol, de serveis de la societat de la informaci\u00f3 i de comer\u00e7 electr\u00f2nic, COMUNITAT DE REGANTS SEQUIA DE TORRES DE SEGRE I CR CARRASSUMADA CG, l\u2019informa que \u00e9s titular dels llocs web: http:\/\/www.crtorresdesegre.cat\/carrassumada\/. D\u2019acord amb l\u2019exig\u00e8ncia de l\u2019article [&hellip;]<\/p>\n","protected":false},"author":1,"featured_media":0,"parent":0,"menu_order":0,"comment_status":"closed","ping_status":"closed","template":"","meta":{"_et_pb_use_builder":"on","_et_pb_old_content":"","_et_gb_content_width":"","footnotes":""},"class_list":["post-192","page","type-page","status-publish","hentry"],"_links":{"self":[{"href":"https:\/\/www.crtorresdesegre.cat\/carrassumada\/wp-json\/wp\/v2\/pages\/192","targetHints":{"allow":["GET"]}}],"collection":[{"href":"https:\/\/www.crtorresdesegre.cat\/carrassumada\/wp-json\/wp\/v2\/pages"}],"about":[{"href":"https:\/\/www.crtorresdesegre.cat\/carrassumada\/wp-json\/wp\/v2\/types\/page"}],"author":[{"embeddable":true,"href":"https:\/\/www.crtorresdesegre.cat\/carrassumada\/wp-json\/wp\/v2\/users\/1"}],"replies":[{"embeddable":true,"href":"https:\/\/www.crtorresdesegre.cat\/carrassumada\/wp-json\/wp\/v2\/comments?post=192"}],"version-history":[{"count":3,"href":"https:\/\/www.crtorresdesegre.cat\/carrassumada\/wp-json\/wp\/v2\/pages\/192\/revisions"}],"predecessor-version":[{"id":214,"href":"https:\/\/www.crtorresdesegre.cat\/carrassumada\/wp-json\/wp\/v2\/pages\/192\/revisions\/214"}],"wp:attachment":[{"href":"https:\/\/www.crtorresdesegre.cat\/carrassumada\/wp-json\/wp\/v2\/media?parent=192"}],"curies":[{"name":"wp","href":"https:\/\/api.w.org\/{rel}","templated":true}]}}